{"id":290,"date":"2023-05-16T10:07:54","date_gmt":"2023-05-16T08:07:54","guid":{"rendered":"https:\/\/myconsilium.heffner.consulting\/job-advertisement-lecturers-coaches\/"},"modified":"2023-05-16T10:41:36","modified_gmt":"2023-05-16T08:41:36","slug":"job-advertisement-lecturers-coaches","status":"publish","type":"page","link":"https:\/\/myconsilium.de\/en\/job-advertisement-lecturers-coaches\/","title":{"rendered":"Job advertisement &#8211; Lecturers\/Coaches"},"content":{"rendered":"\n<h1 class=\"wp-block-heading\" style=\"padding-top:var(--wp--preset--spacing--80);padding-bottom:0\">Lecturers \/ Coaches (f\/m\/d)<\/h1>\n\n<h2 class=\"wp-block-heading\">Full or part time<\/h2>\n\n<h2 class=\"wp-block-heading\">These are your tasks<\/h2>\n\n<ul class=\"wp-block-list\">\n<li>Design and implementation of lessons in a retraining measure to become a tax clerk<\/li>\n<\/ul>\n\n<h2 class=\"wp-block-heading\">This is your profile<\/h2>\n\n<ul class=\"wp-block-list\">\n<li>Successfully completed vocational training, studies in the relevant field or comparable qualification<\/li>\n\n\n\n<li>Several years of specialized practical work experience<\/li>\n\n\n\n<li>Sound practical work experience with DATEV or comparable programs desirable, but not mandatory<\/li>\n\n\n\n<li>At least first experience in adult education desirable<\/li>\n\n\n\n<li>Strong communication and presentation skills<\/li>\n\n\n\n<li>Pleasure in passing on your knowledge of experience<\/li>\n<\/ul>\n\n<h2 class=\"wp-block-heading\">What we offer<\/h2>\n\n<ul class=\"wp-block-list\">\n<li>Future-proof work<\/li>\n\n\n\n<li>Flexible working hours, possibility of mobile working<\/li>\n\n\n\n<li>Flat hierarchies with room for ideas and co-design &#8211; idea management<\/li>\n\n\n\n<li>Training and development opportunities<\/li>\n\n\n\n<li>Corporate benefits and other perks for our employees<\/li>\n<\/ul>\n\n<h2 class=\"wp-block-heading\">Application<\/h2>\n\n<p>If we have piqued your interest and you are up for a new challenge in a digital, future-proof and young law firm where you can not only develop further but also enjoy your work, we would be very pleased to receive your application and would like to meet you in person.<\/p>\n\n<p>Use our online application:<\/p>\n<div class=\"wpforms-container wpforms-container-full wpforms-block wpforms-block-c472a98a-a0d3-417c-a0b8-af79df7d442a wpforms-render-modern\" id=\"wpforms-237\"><form id=\"wpforms-form-237\" class=\"wpforms-validate wpforms-form wpforms-ajax-form\" data-formid=\"237\" method=\"post\" enctype=\"multipart\/form-data\" action=\"\/en\/wp-json\/wp\/v2\/pages\/290?wpforms_form_id=237\" data-token=\"a98597618d9bc87906f96a680d106399\" data-token-time=\"1777393451\"><noscript class=\"wpforms-error-noscript\">Please enable JavaScript in your browser to complete this form.<\/noscript><div id=\"wpforms-error-noscript\" style=\"display: none;\">Please enable JavaScript in your browser to complete this form.<\/div><div class=\"wpforms-field-container\"><div id=\"wpforms-237-field_1-container\" class=\"wpforms-field wpforms-field-divider\" data-field-id=\"1\"><h3 id=\"wpforms-237-field_1\" aria-errormessage=\"wpforms-237-field_1-error\">Ihre Bewerbung<\/h3><\/div><div id=\"wpforms-237-field_2-container\" class=\"wpforms-field wpforms-field-select wpforms-field-select-style-classic\" data-field-id=\"2\"><label class=\"wpforms-field-label\" for=\"wpforms-237-field_2\">f\u00fcr die Stelle als <span class=\"wpforms-required-label\" aria-hidden=\"true\">*<\/span><\/label><select id=\"wpforms-237-field_2\" class=\"wpforms-field-medium wpforms-field-required\" name=\"wpforms[fields][2]\" required=\"required\"><option value=\"Dozent \/ Coach (w\/m\/d) in Voll- oder Teilzeit\"  selected='selected' class=\"choice-1 depth-1\"  >Dozent \/ Coach (w\/m\/d) in Voll- oder Teilzeit<\/option><option value=\"B\u00fcrofachkraft (w\/m\/d) in Voll- oder Teilzeit\"  class=\"choice-2 depth-1\"  >B\u00fcrofachkraft (w\/m\/d) in Voll- oder Teilzeit<\/option><\/select><\/div><div id=\"wpforms-237-field_3-container\" class=\"wpforms-field wpforms-field-divider\" data-field-id=\"3\"><h3 id=\"wpforms-237-field_3\" aria-errormessage=\"wpforms-237-field_3-error\">Ihre Daten<\/h3><\/div><div id=\"wpforms-237-field_4-container\" class=\"wpforms-field wpforms-field-layout\" data-field-id=\"4\"><div class=\"wpforms-field-layout-columns wpforms-field-layout-preset-50-50\"><div class=\"wpforms-layout-column wpforms-layout-column-50\" ><div id=\"wpforms-237-field_5-container\" class=\"wpforms-field wpforms-field-select wpforms-field-select-style-classic\" data-field-id=\"5\"><label class=\"wpforms-field-label\" for=\"wpforms-237-field_5\">Anrede<\/label><select id=\"wpforms-237-field_5\" class=\"wpforms-field-medium\" name=\"wpforms[fields][5]\"><option value=\"Frau\"  selected='selected' class=\"choice-1 depth-1\"  >Frau<\/option><option value=\"Herr\"  class=\"choice-2 depth-1\"  >Herr<\/option><option value=\"Keine Angabe\"  class=\"choice-3 depth-1\"  >Keine Angabe<\/option><\/select><\/div><div id=\"wpforms-237-field_7-container\" class=\"wpforms-field wpforms-field-text\" data-field-id=\"7\"><label class=\"wpforms-field-label\" for=\"wpforms-237-field_7\">Name <span class=\"wpforms-required-label\" aria-hidden=\"true\">*<\/span><\/label><input type=\"text\" id=\"wpforms-237-field_7\" class=\"wpforms-field-medium wpforms-field-required\" name=\"wpforms[fields][7]\" aria-errormessage=\"wpforms-237-field_7-error\" required><\/div><div id=\"wpforms-237-field_9-container\" class=\"wpforms-field wpforms-field-text\" data-field-id=\"9\"><label class=\"wpforms-field-label\" for=\"wpforms-237-field_9\">Stra\u00dfe, Hausnummer <span class=\"wpforms-required-label\" aria-hidden=\"true\">*<\/span><\/label><input type=\"text\" id=\"wpforms-237-field_9\" class=\"wpforms-field-medium wpforms-field-required\" name=\"wpforms[fields][9]\" aria-errormessage=\"wpforms-237-field_9-error\" required><\/div><div id=\"wpforms-237-field_11-container\" class=\"wpforms-field wpforms-field-email\" data-field-id=\"11\"><label class=\"wpforms-field-label\" for=\"wpforms-237-field_11\">E-Mail Adresse <span class=\"wpforms-required-label\" aria-hidden=\"true\">*<\/span><\/label><input type=\"email\" id=\"wpforms-237-field_11\" class=\"wpforms-field-medium wpforms-field-required\" name=\"wpforms[fields][11]\" spellcheck=\"false\" aria-errormessage=\"wpforms-237-field_11-error\" required><\/div><\/div><div class=\"wpforms-layout-column wpforms-layout-column-50\" ><div id=\"wpforms-237-field_6-container\" class=\"wpforms-field wpforms-field-date-time\" data-field-id=\"6\"><label class=\"wpforms-field-label\" for=\"wpforms-237-field_6\">Geburtsdatum <span class=\"wpforms-required-label\" aria-hidden=\"true\">*<\/span><\/label><div class=\"wpforms-datepicker-wrap\"><input type=\"text\" id=\"wpforms-237-field_6\" class=\"wpforms-field-date-time-date wpforms-datepicker wpforms-field-required wpforms-field-medium\" data-date-format=\"d.m.Y\" data-disable-past-dates=\"0\" data-input=\"true\" name=\"wpforms[fields][6][date]\" aria-errormessage=\"wpforms-237-field_6-error\" required><a title=\"Clear Date\" data-clear role=\"button\" tabindex=\"0\" class=\"wpforms-datepicker-clear\" aria-label=\"Clear Date\" style=\"display:none;\"><\/a><\/div><\/div><div id=\"wpforms-237-field_8-container\" class=\"wpforms-field wpforms-field-text\" data-field-id=\"8\"><label class=\"wpforms-field-label\" for=\"wpforms-237-field_8\">Vorname <span class=\"wpforms-required-label\" aria-hidden=\"true\">*<\/span><\/label><input type=\"text\" id=\"wpforms-237-field_8\" class=\"wpforms-field-medium wpforms-field-required\" name=\"wpforms[fields][8]\" aria-errormessage=\"wpforms-237-field_8-error\" required><\/div><div id=\"wpforms-237-field_10-container\" class=\"wpforms-field wpforms-field-text\" data-field-id=\"10\"><label class=\"wpforms-field-label\" for=\"wpforms-237-field_10\">PLZ, Ort <span class=\"wpforms-required-label\" aria-hidden=\"true\">*<\/span><\/label><input type=\"text\" id=\"wpforms-237-field_10\" class=\"wpforms-field-medium wpforms-field-required\" name=\"wpforms[fields][10]\" aria-errormessage=\"wpforms-237-field_10-error\" required><\/div><div id=\"wpforms-237-field_12-container\" class=\"wpforms-field wpforms-field-phone\" data-field-id=\"12\"><label class=\"wpforms-field-label\" for=\"wpforms-237-field_12\">Rufnummer <span class=\"wpforms-required-label\" aria-hidden=\"true\">*<\/span><\/label><input type=\"tel\" id=\"wpforms-237-field_12\" class=\"wpforms-field-medium wpforms-field-required wpforms-smart-phone-field\" data-rule-smart-phone-field=\"true\" name=\"wpforms[fields][12]\" aria-label=\"Rufnummer\" aria-errormessage=\"wpforms-237-field_12-error\" required><\/div><\/div><\/div><\/div><div id=\"wpforms-237-field_13-container\" class=\"wpforms-field wpforms-field-textarea\" data-field-id=\"13\"><label class=\"wpforms-field-label\" for=\"wpforms-237-field_13\">Ihre Nachricht an uns<\/label><textarea id=\"wpforms-237-field_13\" class=\"wpforms-field-medium\" name=\"wpforms[fields][13]\" aria-errormessage=\"wpforms-237-field_13-error\" ><\/textarea><\/div><div id=\"wpforms-237-field_14-container\" class=\"wpforms-field wpforms-field-file-upload\" data-field-id=\"14\"><label class=\"wpforms-field-label\" for=\"wpforms-237-field_14\">Ihre Unterlagen<\/label><div\n\t\tclass=\"wpforms-uploader \"\n\t\tdata-field-id=\"14\"\n\t\tdata-form-id=\"237\"\n\t\tdata-input-name=\"wpforms_237_14\"\n\t\tdata-extensions=\"pdf\"\n\t\tdata-max-size=\"10485760\"\n\t\tdata-max-file-number=\"5\"\n\t\tdata-post-max-size=\"33554432\"\n\t\tdata-max-parallel-uploads=\"4\"\n\t\tdata-parallel-uploads=\"true\"\n\t\tdata-file-chunk-size=\"2097152\">\n\t<div class=\"dz-message\">\n\t\t<svg  viewBox=\"0 0 640 640\" focusable=\"false\" data-icon=\"inbox\" width=\"50px\" height=\"50px\" fill=\"currentColor\" aria-hidden=\"true\">\n\t\t\t<path d=\"M352 173.3L352 384C352 401.7 337.7 416 320 416C302.3 416 288 401.7 288 384L288 173.3L246.6 214.7C234.1 227.2 213.8 227.2 201.3 214.7C188.8 202.2 188.8 181.9 201.3 169.4L297.3 73.4C309.8 60.9 330.1 60.9 342.6 73.4L438.6 169.4C451.1 181.9 451.1 202.2 438.6 214.7C426.1 227.2 405.8 227.2 393.3 214.7L352 173.3zM320 464C364.2 464 400 428.2 400 384L480 384C515.3 384 544 412.7 544 448L544 480C544 515.3 515.3 544 480 544L160 544C124.7 544 96 515.3 96 480L96 448C96 412.7 124.7 384 160 384L240 384C240 428.2 275.8 464 320 464zM464 488C477.3 488 488 477.3 488 464C488 450.7 477.3 440 464 440C450.7 440 440 450.7 440 464C440 477.3 450.7 488 464 488z\"\/>\n\t\t<\/svg>\n\n\t\t<span class=\"modern-title\">\n\t\t\t\t\t\t\tDrag &amp; Drop Files, \t\t\t\t<span>Choose Files to Upload<\/span>\n\t\t\t\t\t<\/span>\n\n\t\t\t\t\t<span class=\"modern-hint\">You can upload up to 5 files.<\/span>\n\t\t\t<\/div>\n<\/div>\n\n<input\n\t\ttype=\"text\"\n\t\tautocomplete=\"off\"\n\t\treadonly\n\t\tclass=\"dropzone-input\"\n\t\tstyle=\"position:absolute!important;clip:rect(0,0,0,0)!important;height:1px!important;width:1px!important;border:0!important;overflow:hidden!important;padding:0!important;margin:0!important;\"\n\t\tid=\"wpforms-237-field_14\"\n\t\tname=\"wpforms_237_14\" \t\tvalue=\"\">\n<div id=\"wpforms-237-field_14-description\" class=\"wpforms-field-description\">Hier k\u00f6nnen Sie Ihre Bewerbungsunterlagen anf\u00fcgen. Es sind nur PDF-Dateien mit einer Gr\u00f6\u00dfe bis zu 10MB erlaubt.<\/div><\/div><div id=\"wpforms-237-field_16-container\" class=\"wpforms-field wpforms-field-checkbox\" data-field-id=\"16\"><fieldset><legend class=\"wpforms-field-label\">Datenschutzhinweise <span class=\"wpforms-required-label\" aria-hidden=\"true\">*<\/span><\/legend><ul id=\"wpforms-237-field_16\" class=\"wpforms-field-required\"><li class=\"choice-1 depth-1\"><input type=\"checkbox\" id=\"wpforms-237-field_16_1\" name=\"wpforms[fields][16][]\" value=\"Ich habe die Datenschutzhinweise gelesen und stimme zu.\" aria-errormessage=\"wpforms-237-field_16_1-error\" aria-describedby=\"wpforms-237-field_16-description\" required ><label class=\"wpforms-field-label-inline\" for=\"wpforms-237-field_16_1\">Ich habe die Datenschutzhinweise gelesen und stimme zu.<\/label><\/li><\/ul><div id=\"wpforms-237-field_16-description\" class=\"wpforms-field-description\">Ich habe Ihre Datenschutzerkl\u00e4rung zur Kenntnis genommen und willige ein, dass meine Angaben zur Bearbeitung meiner Bewerbung \u00fcbermittelt, verarbeitet und gespeichert werden. Meine Einwilligung kann jederzeit per E-Mail an info@mybestcase.de widerrufen werden. <\/div><\/fieldset><\/div><\/div><!-- .wpforms-field-container --><div class=\"wpforms-submit-container\" ><input type=\"hidden\" name=\"wpforms[id]\" value=\"237\"><input type=\"hidden\" name=\"page_title\" value=\"\"><input type=\"hidden\" name=\"page_url\" value=\"https:\/\/myconsilium.de\/en\/wp-json\/wp\/v2\/pages\/290\"><input type=\"hidden\" name=\"url_referer\" value=\"\"><button type=\"submit\" name=\"wpforms[submit]\" id=\"wpforms-submit-237\" class=\"wpforms-submit\" data-alt-text=\"Senden\u2026\" data-submit-text=\"Absenden\" aria-live=\"assertive\" value=\"wpforms-submit\">Absenden<\/button><img loading=\"lazy\" decoding=\"async\" src=\"https:\/\/myconsilium.de\/wp-content\/plugins\/wpforms\/assets\/images\/submit-spin.svg\" class=\"wpforms-submit-spinner\" style=\"display: none;\" width=\"26\" height=\"26\" alt=\"Loading\"><\/div><\/form><\/div>  <!-- .wpforms-container -->","protected":false},"excerpt":{"rendered":"<p>Lecturers \/ Coaches (f\/m\/d) Full or part time These are your tasks This is your profile What we offer Application If we have piqued your interest and you are up for a new challenge in a digital, future-proof and young law firm where you can not only develop further but also enjoy your work, we [&hellip;]<\/p>\n","protected":false},"author":1,"featured_media":0,"parent":0,"menu_order":0,"comment_status":"closed","ping_status":"closed","template":"","meta":{"_uag_custom_page_level_css":"","site-sidebar-layout":"default","site-content-layout":"","ast-site-content-layout":"default","site-content-style":"default","site-sidebar-style":"default","ast-global-header-display":"","ast-banner-title-visibility":"","ast-main-header-display":"","ast-hfb-above-header-display":"","ast-hfb-below-header-display":"","ast-hfb-mobile-header-display":"","site-post-title":"disabled","ast-breadcrumbs-content":"","ast-featured-img":"","footer-sml-layout":"","ast-disable-related-posts":"","theme-transparent-header-meta":"","adv-header-id-meta":"","stick-header-meta":"","header-above-stick-meta":"","header-main-stick-meta":"","header-below-stick-meta":"","astra-migrate-meta-layouts":"default","ast-page-background-enabled":"default","ast-page-background-meta":{"desktop":{"background-color":"var(--ast-global-color-4)","background-image":"","background-repeat":"repeat","background-position":"center center","background-size":"auto","background-attachment":"scroll","background-type":"","background-media":"","overlay-type":"","overlay-color":"","overlay-opacity":"","overlay-gradient":""},"tablet":{"background-color":"","background-image":"","background-repeat":"repeat","background-position":"center center","background-size":"auto","background-attachment":"scroll","background-type":"","background-media":"","overlay-type":"","overlay-color":"","overlay-opacity":"","overlay-gradient":""},"mobile":{"background-color":"","background-image":"","background-repeat":"repeat","background-position":"center center","background-size":"auto","background-attachment":"scroll","background-type":"","background-media":"","overlay-type":"","overlay-color":"","overlay-opacity":"","overlay-gradient":""}},"ast-content-background-meta":{"desktop":{"background-color":"var(--ast-global-color-5)","background-image":"","background-repeat":"repeat","background-position":"center center","background-size":"auto","background-attachment":"scroll","background-type":"","background-media":"","overlay-type":"","overlay-color":"","overlay-opacity":"","overlay-gradient":""},"tablet":{"background-color":"var(--ast-global-color-5)","background-image":"","background-repeat":"repeat","background-position":"center center","background-size":"auto","background-attachment":"scroll","background-type":"","background-media":"","overlay-type":"","overlay-color":"","overlay-opacity":"","overlay-gradient":""},"mobile":{"background-color":"var(--ast-global-color-5)","background-image":"","background-repeat":"repeat","background-position":"center center","background-size":"auto","background-attachment":"scroll","background-type":"","background-media":"","overlay-type":"","overlay-color":"","overlay-opacity":"","overlay-gradient":""}},"footnotes":""},"class_list":["post-290","page","type-page","status-publish","hentry"],"uagb_featured_image_src":{"full":false,"thumbnail":false,"medium":false,"medium_large":false,"large":false,"1536x1536":false,"2048x2048":false},"uagb_author_info":{"display_name":"c.heffner","author_link":"https:\/\/myconsilium.de\/en\/author\/c-heffner\/"},"uagb_comment_info":0,"uagb_excerpt":"Lecturers \/ Coaches (f\/m\/d) Full or part time These are your tasks This is your profile What we offer Application If we have piqued your interest and you are up for a new challenge in a digital, future-proof and young law firm where you can not only develop further but also enjoy your work, we&hellip;","_links":{"self":[{"href":"https:\/\/myconsilium.de\/en\/wp-json\/wp\/v2\/pages\/290","targetHints":{"allow":["GET"]}}],"collection":[{"href":"https:\/\/myconsilium.de\/en\/wp-json\/wp\/v2\/pages"}],"about":[{"href":"https:\/\/myconsilium.de\/en\/wp-json\/wp\/v2\/types\/page"}],"author":[{"embeddable":true,"href":"https:\/\/myconsilium.de\/en\/wp-json\/wp\/v2\/users\/1"}],"replies":[{"embeddable":true,"href":"https:\/\/myconsilium.de\/en\/wp-json\/wp\/v2\/comments?post=290"}],"version-history":[{"count":1,"href":"https:\/\/myconsilium.de\/en\/wp-json\/wp\/v2\/pages\/290\/revisions"}],"predecessor-version":[{"id":291,"href":"https:\/\/myconsilium.de\/en\/wp-json\/wp\/v2\/pages\/290\/revisions\/291"}],"wp:attachment":[{"href":"https:\/\/myconsilium.de\/en\/wp-json\/wp\/v2\/media?parent=290"}],"curies":[{"name":"wp","href":"https:\/\/api.w.org\/{rel}","templated":true}]}}